{"id":15142,"date":"2024-12-06T13:36:58","date_gmt":"2024-12-06T18:36:58","guid":{"rendered":"https:\/\/estelleyarns.com\/blog\/?page_id=15142"},"modified":"2025-12-05T10:59:53","modified_gmt":"2025-12-05T15:59:53","slug":"corporate-social-responsibility","status":"publish","type":"page","link":"https:\/\/estelleyarns.com\/socialresponsibility\/","title":{"rendered":"Corporate Social Responsibility"},"content":{"rendered":"<p id=\"rich-text-91c3099c76\" class=\"cms-richtext \" style=\"text-align: left;\" data-dynamic-inner-content=\"description\"><img data-recalc-dims=\"1\" loading=\"lazy\" decoding=\"async\" data-attachment-id=\"15437\" data-permalink=\"https:\/\/estelleyarns.com\/socialresponsibility\/corporate-social-responsibility\/yarn-and-hands\/\" data-orig-file=\"https:\/\/i0.wp.com\/estelleyarns.com\/socialresponsibility\/wp-content\/uploads\/2025\/01\/Yarn-and-Hands-scaled.jpg?fit=2560%2C2560&amp;ssl=1\" data-orig-size=\"2560,2560\" data-comments-opened=\"1\" data-image-meta=\"{&quot;aperture&quot;:&quot;0&quot;,&quot;credit&quot;:&quot;&quot;,&quot;camera&quot;:&quot;&quot;,&quot;caption&quot;:&quot;&quot;,&quot;created_timestamp&quot;:&quot;0&quot;,&quot;copyright&quot;:&quot;Copyright 2009&quot;,&quot;focal_length&quot;:&quot;0&quot;,&quot;iso&quot;:&quot;0&quot;,&quot;shutter_speed&quot;:&quot;0&quot;,&quot;title&quot;:&quot;&quot;,&quot;orientation&quot;:&quot;0&quot;}\" data-image-title=\"Yarn-and-Hands\" data-image-description=\"\" data-image-caption=\"\" data-large-file=\"https:\/\/i0.wp.com\/estelleyarns.com\/socialresponsibility\/wp-content\/uploads\/2025\/01\/Yarn-and-Hands-scaled.jpg?fit=640%2C640&amp;ssl=1\" class=\"wp-image-15437 size-thumbnail alignright\" src=\"https:\/\/i0.wp.com\/estelleyarns.com\/socialresponsibility\/wp-content\/uploads\/2025\/01\/Yarn-and-Hands.jpg?resize=150%2C150&#038;ssl=1\" alt=\"\" width=\"150\" height=\"150\" srcset=\"https:\/\/i0.wp.com\/estelleyarns.com\/socialresponsibility\/wp-content\/uploads\/2025\/01\/Yarn-and-Hands-scaled.jpg?resize=150%2C150&amp;ssl=1 150w, https:\/\/i0.wp.com\/estelleyarns.com\/socialresponsibility\/wp-content\/uploads\/2025\/01\/Yarn-and-Hands-scaled.jpg?resize=300%2C300&amp;ssl=1 300w, https:\/\/i0.wp.com\/estelleyarns.com\/socialresponsibility\/wp-content\/uploads\/2025\/01\/Yarn-and-Hands-scaled.jpg?resize=1024%2C1024&amp;ssl=1 1024w, https:\/\/i0.wp.com\/estelleyarns.com\/socialresponsibility\/wp-content\/uploads\/2025\/01\/Yarn-and-Hands-scaled.jpg?resize=768%2C768&amp;ssl=1 768w, https:\/\/i0.wp.com\/estelleyarns.com\/socialresponsibility\/wp-content\/uploads\/2025\/01\/Yarn-and-Hands-scaled.jpg?resize=1536%2C1536&amp;ssl=1 1536w, https:\/\/i0.wp.com\/estelleyarns.com\/socialresponsibility\/wp-content\/uploads\/2025\/01\/Yarn-and-Hands-scaled.jpg?resize=2048%2C2048&amp;ssl=1 2048w, https:\/\/i0.wp.com\/estelleyarns.com\/socialresponsibility\/wp-content\/uploads\/2025\/01\/Yarn-and-Hands-scaled.jpg?resize=500%2C500&amp;ssl=1 500w, https:\/\/i0.wp.com\/estelleyarns.com\/socialresponsibility\/wp-content\/uploads\/2025\/01\/Yarn-and-Hands-scaled.jpg?w=1280&amp;ssl=1 1280w, https:\/\/i0.wp.com\/estelleyarns.com\/socialresponsibility\/wp-content\/uploads\/2025\/01\/Yarn-and-Hands-scaled.jpg?w=1920&amp;ssl=1 1920w\" sizes=\"auto, (max-width: 150px) 100vw, 150px\" \/><\/p>\n<p class=\"cms-richtext \" style=\"text-align: left;\" data-dynamic-inner-content=\"description\">At Estelle Yarns, we believe that good business practices are intertwined with the well-being of communities and the sustainability of the environment.<\/p>\n<p class=\"cms-richtext \" style=\"text-align: left;\" data-dynamic-inner-content=\"description\">Our Corporate Social Responsibility (CSR) project reflects our commitment and goals to ethical business practices, community development, and environmental stewardship.<\/p>\n<p>Through our CSR initiatives, we aim to contribute to social causes that matter to us. From reducing our environmental footprint to supporting local communities, our CSR efforts are built on the core values of integrity, social consciousness, and responsibility.<\/p>\n<p>Use these links to learn more about our Corporate Social Responsibility projects:<\/p>\n<p><strong><a href=\"https:\/\/estelleyarns.com\/socialresponsibility\/land-acknowledgement\/\">Land Acknowledgement<\/a><\/strong><br \/>\n<strong><a href=\"https:\/\/estelleyarns.com\/socialresponsibility\/community-action\/\">Community Action<\/a><\/strong><br \/>\n<strong><a href=\"https:\/\/estelleyarns.com\/socialresponsibility\/environment-impact\/\">Environment + Impact<\/a><\/strong><\/p>\n<p>&nbsp;<\/p>\n<hr \/>\n<p>&nbsp;<\/p>\n<h2><b><span data-contrast=\"auto\">Responsabilit\u00e9 <\/span><\/b><b><span data-contrast=\"auto\">sociale de <\/span><\/b>l\u2019entreprise<\/h2>\n<p>&nbsp;<\/p>\n<p><img data-recalc-dims=\"1\" loading=\"lazy\" decoding=\"async\" data-attachment-id=\"15437\" data-permalink=\"https:\/\/estelleyarns.com\/socialresponsibility\/corporate-social-responsibility\/yarn-and-hands\/\" data-orig-file=\"https:\/\/i0.wp.com\/estelleyarns.com\/socialresponsibility\/wp-content\/uploads\/2025\/01\/Yarn-and-Hands-scaled.jpg?fit=2560%2C2560&amp;ssl=1\" data-orig-size=\"2560,2560\" data-comments-opened=\"1\" data-image-meta=\"{&quot;aperture&quot;:&quot;0&quot;,&quot;credit&quot;:&quot;&quot;,&quot;camera&quot;:&quot;&quot;,&quot;caption&quot;:&quot;&quot;,&quot;created_timestamp&quot;:&quot;0&quot;,&quot;copyright&quot;:&quot;Copyright 2009&quot;,&quot;focal_length&quot;:&quot;0&quot;,&quot;iso&quot;:&quot;0&quot;,&quot;shutter_speed&quot;:&quot;0&quot;,&quot;title&quot;:&quot;&quot;,&quot;orientation&quot;:&quot;0&quot;}\" data-image-title=\"Yarn-and-Hands\" data-image-description=\"\" data-image-caption=\"\" data-large-file=\"https:\/\/i0.wp.com\/estelleyarns.com\/socialresponsibility\/wp-content\/uploads\/2025\/01\/Yarn-and-Hands-scaled.jpg?fit=640%2C640&amp;ssl=1\" class=\"wp-image-15437 size-thumbnail alignright\" src=\"https:\/\/i0.wp.com\/estelleyarns.com\/socialresponsibility\/wp-content\/uploads\/2025\/01\/Yarn-and-Hands.jpg?resize=150%2C150&#038;ssl=1\" alt=\"\" width=\"150\" height=\"150\" srcset=\"https:\/\/i0.wp.com\/estelleyarns.com\/socialresponsibility\/wp-content\/uploads\/2025\/01\/Yarn-and-Hands-scaled.jpg?resize=150%2C150&amp;ssl=1 150w, https:\/\/i0.wp.com\/estelleyarns.com\/socialresponsibility\/wp-content\/uploads\/2025\/01\/Yarn-and-Hands-scaled.jpg?resize=300%2C300&amp;ssl=1 300w, https:\/\/i0.wp.com\/estelleyarns.com\/socialresponsibility\/wp-content\/uploads\/2025\/01\/Yarn-and-Hands-scaled.jpg?resize=1024%2C1024&amp;ssl=1 1024w, https:\/\/i0.wp.com\/estelleyarns.com\/socialresponsibility\/wp-content\/uploads\/2025\/01\/Yarn-and-Hands-scaled.jpg?resize=768%2C768&amp;ssl=1 768w, https:\/\/i0.wp.com\/estelleyarns.com\/socialresponsibility\/wp-content\/uploads\/2025\/01\/Yarn-and-Hands-scaled.jpg?resize=1536%2C1536&amp;ssl=1 1536w, https:\/\/i0.wp.com\/estelleyarns.com\/socialresponsibility\/wp-content\/uploads\/2025\/01\/Yarn-and-Hands-scaled.jpg?resize=2048%2C2048&amp;ssl=1 2048w, https:\/\/i0.wp.com\/estelleyarns.com\/socialresponsibility\/wp-content\/uploads\/2025\/01\/Yarn-and-Hands-scaled.jpg?resize=500%2C500&amp;ssl=1 500w, https:\/\/i0.wp.com\/estelleyarns.com\/socialresponsibility\/wp-content\/uploads\/2025\/01\/Yarn-and-Hands-scaled.jpg?w=1280&amp;ssl=1 1280w, https:\/\/i0.wp.com\/estelleyarns.com\/socialresponsibility\/wp-content\/uploads\/2025\/01\/Yarn-and-Hands-scaled.jpg?w=1920&amp;ssl=1 1920w\" sizes=\"auto, (max-width: 150px) 100vw, 150px\" \/><\/p>\n<p><span data-contrast=\"auto\">Chez Estelle Yarns, nous croyons que les bonnes pratiques commerciales sont \u00e9troitement li\u00e9es au bien-\u00eatre des collectivit\u00e9s et \u00e0 la durabilit\u00e9 de l\u2019envi<\/span><span data-contrast=\"auto\">ronnement.<\/span><span data-ccp-props=\"{}\">\u00a0<\/span><\/p>\n<p><span data-contrast=\"auto\">Notre projet de responsabilit\u00e9 sociale d\u2019entreprise (RSE) refl\u00e8te notre engagement et nos objectifs en mati\u00e8re de pratiques commerciales \u00e9thiques, de d\u00e9veloppement communautaire et de g\u00e9rance environnementale.<\/span><span data-ccp-props=\"{}\">\u00a0<\/span><\/p>\n<p data-ccp-border-bottom=\"1px solid #000000\" data-ccp-padding-bottom=\"1.3333333333333333px\"><span data-contrast=\"auto\">Par nos initiatives RSE, nous voulons contribuer aux causes sociales qui nous sont ch\u00e8res. De la r\u00e9duction de notre empreinte environnementale au soutien des communaut\u00e9s locales, nos efforts en mati\u00e8re de RSE sont fond\u00e9s sur les valeurs fondamentales que sont l\u2019int\u00e9grit\u00e9, la conscience sociale et la responsabilit\u00e9.<\/span><span data-ccp-props=\"{&quot;335572079&quot;:6,&quot;335572080&quot;:1,&quot;335572081&quot;:4278190080,&quot;469789806&quot;:&quot;single&quot;}\">\u00a0<\/span><\/p>\n<p data-ccp-border-bottom=\"1px solid #000000\" data-ccp-padding-bottom=\"1.3333333333333333px\">Utilisez les liens suivants pour en savoir plus sur nos projets de responsabilit\u00e9 sociale de l&#8217;entreprise :<\/p>\n<p data-ccp-border-bottom=\"1px solid #000000\" data-ccp-padding-bottom=\"1.3333333333333333px\"><a href=\"https:\/\/estelleyarns.com\/socialresponsibility\/reconnaissance-des-terres-francais\/\"><strong>Reconnaissance des territoires traditionnels<\/strong><\/a><br \/>\n<a href=\"https:\/\/estelleyarns.com\/socialresponsibility\/community-action-french\/\"><strong>Action communautaire<\/strong><\/a><br \/>\n<a href=\"https:\/\/estelleyarns.com\/socialresponsibility\/environment-impact-french\/\"><strong>Environnement + impact<\/strong><\/a><\/p>\n","protected":false},"excerpt":{"rendered":"<p>At Estelle Yarns, we believe that good business practices are intertwined with the well-being of communities and the sustainability of the environment. Our Corporate Social Responsibility (CSR) project reflects our commitment and goals to ethical business practices, community development, and environmental stewardship. Through our CSR initiatives, we aim to contribute to social causes that&#8230;<\/p>\n","protected":false},"author":1,"featured_media":0,"parent":0,"menu_order":0,"comment_status":"closed","ping_status":"closed","template":"","meta":{"footnotes":""},"class_list":["post-15142","page","type-page","status-publish","hentry"],"jetpack_sharing_enabled":true,"_links":{"self":[{"href":"https:\/\/estelleyarns.com\/socialresponsibility\/wp-json\/wp\/v2\/pages\/15142","targetHints":{"allow":["GET"]}}],"collection":[{"href":"https:\/\/estelleyarns.com\/socialresponsibility\/wp-json\/wp\/v2\/pages"}],"about":[{"href":"https:\/\/estelleyarns.com\/socialresponsibility\/wp-json\/wp\/v2\/types\/page"}],"author":[{"embeddable":true,"href":"https:\/\/estelleyarns.com\/socialresponsibility\/wp-json\/wp\/v2\/users\/1"}],"replies":[{"embeddable":true,"href":"https:\/\/estelleyarns.com\/socialresponsibility\/wp-json\/wp\/v2\/comments?post=15142"}],"version-history":[{"count":64,"href":"https:\/\/estelleyarns.com\/socialresponsibility\/wp-json\/wp\/v2\/pages\/15142\/revisions"}],"predecessor-version":[{"id":15847,"href":"https:\/\/estelleyarns.com\/socialresponsibility\/wp-json\/wp\/v2\/pages\/15142\/revisions\/15847"}],"wp:attachment":[{"href":"https:\/\/estelleyarns.com\/socialresponsibility\/wp-json\/wp\/v2\/media?parent=15142"}],"curies":[{"name":"wp","href":"https:\/\/api.w.org\/{rel}","templated":true}]}}