{"id":15157,"date":"2024-12-06T13:47:31","date_gmt":"2024-12-06T18:47:31","guid":{"rendered":"https:\/\/estelleyarns.com\/blog\/?page_id=15157"},"modified":"2025-02-18T16:07:22","modified_gmt":"2025-02-18T21:07:22","slug":"reconnaissance-des-terres-francais","status":"publish","type":"page","link":"https:\/\/estelleyarns.com\/socialresponsibility\/reconnaissance-des-terres-francais\/","title":{"rendered":"Reconnaissance des territoires traditionnels (fran\u00e7ais)"},"content":{"rendered":"<figure id=\"attachment_15815\" aria-describedby=\"caption-attachment-15815\" style=\"width: 200px\" class=\"wp-caption alignright\"><img data-recalc-dims=\"1\" loading=\"lazy\" decoding=\"async\" data-attachment-id=\"15815\" data-permalink=\"https:\/\/estelleyarns.com\/socialresponsibility\/reconnaissance-des-terres-francais\/turtle-white-bg-angled-2\/\" data-orig-file=\"https:\/\/i0.wp.com\/estelleyarns.com\/socialresponsibility\/wp-content\/uploads\/2025\/02\/Turtle-White-BG-Angled-1.jpg?fit=2000%2C2000&amp;ssl=1\" data-orig-size=\"2000,2000\" data-comments-opened=\"1\" data-image-meta=\"{&quot;aperture&quot;:&quot;0&quot;,&quot;credit&quot;:&quot;&quot;,&quot;camera&quot;:&quot;&quot;,&quot;caption&quot;:&quot;&quot;,&quot;created_timestamp&quot;:&quot;0&quot;,&quot;copyright&quot;:&quot;Copyright 2009&quot;,&quot;focal_length&quot;:&quot;0&quot;,&quot;iso&quot;:&quot;0&quot;,&quot;shutter_speed&quot;:&quot;0&quot;,&quot;title&quot;:&quot;&quot;,&quot;orientation&quot;:&quot;0&quot;}\" data-image-title=\"Turtle-White-BG-Angled\" data-image-description=\"\" data-image-caption=\"&lt;p&gt;Perles de Jenna Barnhardt,&lt;br \/&gt;\nKanien&amp;#8217;keha:ka,&lt;br \/&gt;\nde Kenhte:ke Tyendinaga&lt;br \/&gt;\nMohawks de la baie de Quinte.&lt;br \/&gt;\nCon\u00e7u et cr\u00e9\u00e9&lt;br \/&gt;\npour Estelle Yarns.&lt;\/p&gt;\n\" data-large-file=\"https:\/\/i0.wp.com\/estelleyarns.com\/socialresponsibility\/wp-content\/uploads\/2025\/02\/Turtle-White-BG-Angled-1.jpg?fit=640%2C640&amp;ssl=1\" class=\"wp-image-15815\" src=\"https:\/\/i0.wp.com\/estelleyarns.com\/socialresponsibility\/wp-content\/uploads\/2025\/02\/Turtle-White-BG-Angled-1.jpg?resize=200%2C200&#038;ssl=1\" alt=\"\" width=\"200\" height=\"200\" srcset=\"https:\/\/i0.wp.com\/estelleyarns.com\/socialresponsibility\/wp-content\/uploads\/2025\/02\/Turtle-White-BG-Angled-1.jpg?resize=300%2C300&amp;ssl=1 300w, https:\/\/i0.wp.com\/estelleyarns.com\/socialresponsibility\/wp-content\/uploads\/2025\/02\/Turtle-White-BG-Angled-1.jpg?resize=1024%2C1024&amp;ssl=1 1024w, https:\/\/i0.wp.com\/estelleyarns.com\/socialresponsibility\/wp-content\/uploads\/2025\/02\/Turtle-White-BG-Angled-1.jpg?resize=150%2C150&amp;ssl=1 150w, https:\/\/i0.wp.com\/estelleyarns.com\/socialresponsibility\/wp-content\/uploads\/2025\/02\/Turtle-White-BG-Angled-1.jpg?resize=768%2C768&amp;ssl=1 768w, https:\/\/i0.wp.com\/estelleyarns.com\/socialresponsibility\/wp-content\/uploads\/2025\/02\/Turtle-White-BG-Angled-1.jpg?resize=1536%2C1536&amp;ssl=1 1536w, https:\/\/i0.wp.com\/estelleyarns.com\/socialresponsibility\/wp-content\/uploads\/2025\/02\/Turtle-White-BG-Angled-1.jpg?resize=500%2C500&amp;ssl=1 500w, https:\/\/i0.wp.com\/estelleyarns.com\/socialresponsibility\/wp-content\/uploads\/2025\/02\/Turtle-White-BG-Angled-1.jpg?w=2000&amp;ssl=1 2000w, https:\/\/i0.wp.com\/estelleyarns.com\/socialresponsibility\/wp-content\/uploads\/2025\/02\/Turtle-White-BG-Angled-1.jpg?w=1280&amp;ssl=1 1280w, https:\/\/i0.wp.com\/estelleyarns.com\/socialresponsibility\/wp-content\/uploads\/2025\/02\/Turtle-White-BG-Angled-1.jpg?w=1920&amp;ssl=1 1920w\" sizes=\"auto, (max-width: 200px) 100vw, 200px\" \/><figcaption id=\"caption-attachment-15815\" class=\"wp-caption-text\"><span style=\"font-size: 8pt;\"><em>Pi\u00e8ce perl\u00e9e de Jenna Barnhardt,<\/em><\/span><br \/><span style=\"font-size: 8pt;\"><em>Kanien&#8217;keha:ka,<\/em><\/span><br \/><span style=\"font-size: 8pt;\"><em>de Kenhte:ke Tyendinaga<\/em><\/span><br \/><span style=\"font-size: 8pt;\"><em>Mohawks de la baie de Quinte.<\/em><\/span><br \/><span style=\"font-size: 8pt;\"><em>Con\u00e7u et cr\u00e9\u00e9<\/em><\/span><br \/><span style=\"font-size: 8pt;\"><em>pour Estelle Yarns.<\/em><\/span><\/figcaption><\/figure>\n<p>Chez Estelle Yarns, nous travaillons sur le territoire traditionnel et non c\u00e9d\u00e9 de nombreuses Nations, y compris les Mississaugas du Cr\u00e9dit, les Anichinab\u00e9s, les Chippewyas, les Haudenosaunees et les Wendats. Nous reconnaissons que le territoire abrite maintenant de nombreuses communaut\u00e9s diverses des Premi\u00e8res Nations, des Inuits et des M\u00e9tis.<\/p>\n<p>Le territoire sur lequel op\u00e8re Estelle Yarns est couvert par l\u2019entente de la Ceinture Wampum \u00ab Un plat \u00e0 une cuill\u00e8re \u00bb, une entente entre les Nations alli\u00e9es Anichinab\u00e9s et Haudenosaunees pour partager pacifiquement et prendre soin des terres autour des Grands Lacs.<\/p>\n<p>Scarborough est vis\u00e9 par le trait\u00e9 Williams, adopt\u00e9 en 1923 et sign\u00e9 par plusieurs bandes des Mississaugas et des Chippewyas.<\/p>\n<p>Nous sommes d\u00e9termin\u00e9s \u00e0 tirer des enseignements et des pratiques autochtones, ainsi qu\u2019\u00e0 soutenir la pr\u00e9servation et l\u2019\u00e9panouissement des cultures autochtones. Nous visons \u00e0 favoriser un respect plus profond pour les terres et les communaut\u00e9s qui ont \u00e9t\u00e9 longtemps li\u00e9es aux espaces que nous habitons.<\/p>\n<p>Dans le cadre de cet engagement, nous reconnaissons que toutes les personnes ne sont pas venues \u00e0 l\u2019\u00eele de la Tortue en tant que migrants et colons. Nous tenons particuli\u00e8rement \u00e0 remercier celles d\u2019entre nous qui sont venues ici involontairement, en particulier ceux qui ont \u00e9t\u00e9 amen\u00e9s dans ces terres par suite de la traite transatlantique des esclaves.<\/p>\n<p>Cette d\u00e9claration est un pas vers la reconnaissance des peuples autochtones qui ont \u00e9t\u00e9 les gardiens de ces terres, et nous nous effor\u00e7ons de les honorer par nos engagements et nos actions. Chez Estelle Yarns, nous sommes reconnaissants envers les communaut\u00e9s autochtones qui g\u00e8rent ces terres depuis des g\u00e9n\u00e9rations.<\/p>\n<p data-ccp-border-bottom=\"1px solid #000000\" data-ccp-padding-bottom=\"1.3333333333333333px\">Utilisez les liens suivants pour en savoir plus sur nos projets de responsabilit\u00e9 sociale de l\u2019entreprise :<\/p>\n<p data-ccp-border-bottom=\"1px solid #000000\" data-ccp-padding-bottom=\"1.3333333333333333px\"><a href=\"https:\/\/estelleyarns.com\/socialresponsibility\/\"><strong>Responsabilit\u00e9\u00a0sociale de\u00a0l\u2019entreprise<\/strong><\/a><br \/>\n<a href=\"https:\/\/estelleyarns.com\/socialresponsibility\/community-action-french\/\"><strong>Action communautaire<\/strong><\/a><br \/>\n<a href=\"https:\/\/estelleyarns.com\/socialresponsibility\/environment-impact-french\/\"><strong>Environnement + impact<\/strong><\/a><\/p>\n","protected":false},"excerpt":{"rendered":"<p>Chez Estelle Yarns, nous travaillons sur le territoire traditionnel et non c\u00e9d\u00e9 de nombreuses Nations, y compris les Mississaugas du Cr\u00e9dit, les Anichinab\u00e9s, les Chippewyas, les Haudenosaunees et les Wendats. Nous reconnaissons que le territoire abrite maintenant de nombreuses communaut\u00e9s diverses des Premi\u00e8res Nations, des Inuits et des M\u00e9tis. Le territoire sur lequel op\u00e8re&#8230;<\/p>\n","protected":false},"author":1,"featured_media":0,"parent":0,"menu_order":0,"comment_status":"closed","ping_status":"closed","template":"","meta":{"footnotes":""},"class_list":["post-15157","page","type-page","status-publish","hentry"],"jetpack_sharing_enabled":true,"_links":{"self":[{"href":"https:\/\/estelleyarns.com\/socialresponsibility\/wp-json\/wp\/v2\/pages\/15157","targetHints":{"allow":["GET"]}}],"collection":[{"href":"https:\/\/estelleyarns.com\/socialresponsibility\/wp-json\/wp\/v2\/pages"}],"about":[{"href":"https:\/\/estelleyarns.com\/socialresponsibility\/wp-json\/wp\/v2\/types\/page"}],"author":[{"embeddable":true,"href":"https:\/\/estelleyarns.com\/socialresponsibility\/wp-json\/wp\/v2\/users\/1"}],"replies":[{"embeddable":true,"href":"https:\/\/estelleyarns.com\/socialresponsibility\/wp-json\/wp\/v2\/comments?post=15157"}],"version-history":[{"count":13,"href":"https:\/\/estelleyarns.com\/socialresponsibility\/wp-json\/wp\/v2\/pages\/15157\/revisions"}],"predecessor-version":[{"id":15819,"href":"https:\/\/estelleyarns.com\/socialresponsibility\/wp-json\/wp\/v2\/pages\/15157\/revisions\/15819"}],"wp:attachment":[{"href":"https:\/\/estelleyarns.com\/socialresponsibility\/wp-json\/wp\/v2\/media?parent=15157"}],"curies":[{"name":"wp","href":"https:\/\/api.w.org\/{rel}","templated":true}]}}