{"id":15413,"date":"2024-12-20T11:00:15","date_gmt":"2024-12-20T16:00:15","guid":{"rendered":"https:\/\/estelleyarns.com\/blog\/?page_id=15413"},"modified":"2026-02-03T16:03:13","modified_gmt":"2026-02-03T21:03:13","slug":"environment-impact-french","status":"publish","type":"page","link":"https:\/\/estelleyarns.com\/socialresponsibility\/environment-impact-french\/","title":{"rendered":"Environnement + impact (fran\u00e7ais)"},"content":{"rendered":"<h3><b><span data-contrast=\"auto\">Pratiques de durabilit\u00e9 environnementale d\u2019Estelle<\/span><\/b><span data-ccp-props=\"{}\">\u00a0<\/span><\/h3>\n<p>&nbsp;<\/p>\n<h3><b><span data-contrast=\"auto\"><img data-recalc-dims=\"1\" loading=\"lazy\" decoding=\"async\" data-attachment-id=\"15436\" data-permalink=\"https:\/\/estelleyarns.com\/socialresponsibility\/corporate-social-responsibility\/globe-and-hands\/\" data-orig-file=\"https:\/\/i0.wp.com\/estelleyarns.com\/socialresponsibility\/wp-content\/uploads\/2025\/01\/Globe-and-Hands-scaled.jpg?fit=2560%2C2560&amp;ssl=1\" data-orig-size=\"2560,2560\" data-comments-opened=\"1\" data-image-meta=\"{&quot;aperture&quot;:&quot;0&quot;,&quot;credit&quot;:&quot;&quot;,&quot;camera&quot;:&quot;&quot;,&quot;caption&quot;:&quot;&quot;,&quot;created_timestamp&quot;:&quot;0&quot;,&quot;copyright&quot;:&quot;Copyright 2009&quot;,&quot;focal_length&quot;:&quot;0&quot;,&quot;iso&quot;:&quot;0&quot;,&quot;shutter_speed&quot;:&quot;0&quot;,&quot;title&quot;:&quot;&quot;,&quot;orientation&quot;:&quot;0&quot;}\" data-image-title=\"Globe-and-Hands\" data-image-description=\"\" data-image-caption=\"\" data-large-file=\"https:\/\/i0.wp.com\/estelleyarns.com\/socialresponsibility\/wp-content\/uploads\/2025\/01\/Globe-and-Hands-scaled.jpg?fit=640%2C640&amp;ssl=1\" class=\"alignright wp-image-15436\" src=\"https:\/\/i0.wp.com\/estelleyarns.com\/socialresponsibility\/wp-content\/uploads\/2025\/01\/Globe-and-Hands.jpg?resize=200%2C200&#038;ssl=1\" alt=\"\" width=\"200\" height=\"200\" srcset=\"https:\/\/i0.wp.com\/estelleyarns.com\/socialresponsibility\/wp-content\/uploads\/2025\/01\/Globe-and-Hands-scaled.jpg?resize=300%2C300&amp;ssl=1 300w, https:\/\/i0.wp.com\/estelleyarns.com\/socialresponsibility\/wp-content\/uploads\/2025\/01\/Globe-and-Hands-scaled.jpg?resize=1024%2C1024&amp;ssl=1 1024w, https:\/\/i0.wp.com\/estelleyarns.com\/socialresponsibility\/wp-content\/uploads\/2025\/01\/Globe-and-Hands-scaled.jpg?resize=150%2C150&amp;ssl=1 150w, https:\/\/i0.wp.com\/estelleyarns.com\/socialresponsibility\/wp-content\/uploads\/2025\/01\/Globe-and-Hands-scaled.jpg?resize=768%2C768&amp;ssl=1 768w, https:\/\/i0.wp.com\/estelleyarns.com\/socialresponsibility\/wp-content\/uploads\/2025\/01\/Globe-and-Hands-scaled.jpg?resize=1536%2C1536&amp;ssl=1 1536w, https:\/\/i0.wp.com\/estelleyarns.com\/socialresponsibility\/wp-content\/uploads\/2025\/01\/Globe-and-Hands-scaled.jpg?resize=2048%2C2048&amp;ssl=1 2048w, https:\/\/i0.wp.com\/estelleyarns.com\/socialresponsibility\/wp-content\/uploads\/2025\/01\/Globe-and-Hands-scaled.jpg?resize=500%2C500&amp;ssl=1 500w, https:\/\/i0.wp.com\/estelleyarns.com\/socialresponsibility\/wp-content\/uploads\/2025\/01\/Globe-and-Hands-scaled.jpg?w=1280&amp;ssl=1 1280w, https:\/\/i0.wp.com\/estelleyarns.com\/socialresponsibility\/wp-content\/uploads\/2025\/01\/Globe-and-Hands-scaled.jpg?w=1920&amp;ssl=1 1920w\" sizes=\"auto, (max-width: 200px) 100vw, 200px\" \/><\/span><\/b><\/h3>\n<p><span data-contrast=\"auto\">Nous nous engageons \u00e0 r\u00e9duire notre empreinte environnementale par des pratiques r\u00e9fl\u00e9chies et durables; <\/span><\/p>\n<p><span data-contrast=\"auto\"><span style=\"font-size: 18pt;\"><strong>\u22c5 <\/strong><span style=\"font-size: 12pt;\">N<\/span><\/span>ous privil\u00e9gions la r\u00e9utilisation des mat\u00e9riaux, y compris les fournitures d\u2019emballage, pour r\u00e9duire le gaspillage.\u00a0<\/span><\/p>\n<p><span style=\"font-size: 18pt;\"><strong>\u22c5 <\/strong><\/span>Notre bourrage d\u2019emballage est biod\u00e9gradable. Il se dissout dans l\u2019eau et ne laisse aucun d\u00e9chet toxique.<\/p>\n<p><span style=\"font-size: 18pt;\"><strong>\u22c5 <\/strong><\/span>Le recyclage fait partie int\u00e9grante de nos activit\u00e9s quotidiennes, ce qui nous permet de r\u00e9duire notre contribution aux d\u00e9charges.<\/p>\n<p><span style=\"font-size: 18pt;\"><strong>\u22c5 <\/strong><\/span>Notre espace de travail est sans odeur. Nous demandons aux visiteurs de s\u2019abstenir de porter des produits parfum\u00e9s.<\/p>\n<p><strong><span style=\"font-size: 18pt;\">\u22c5<\/span> <\/strong>Nous utilisons des produits de nettoyage \u00e9cologiques chaque fois que possible pour minimiser l\u2019impact sur la qualit\u00e9 de l\u2019air int\u00e9rieur et la plan\u00e8te.<\/p>\n<p><span data-contrast=\"auto\">Dans les ann\u00e9es \u00e0 venir, nous esp\u00e9rons explorer des moyens efficaces de r\u00e9duire davantage notre impact sur l\u2019environnement.<\/span><span data-ccp-props=\"{}\">\u00a0<\/span><\/p>\n<p data-ccp-border-bottom=\"1px solid #000000\" data-ccp-padding-bottom=\"1.3333333333333333px\">Utilisez les liens suivants pour en savoir plus sur nos projets de responsabilit\u00e9 sociale de l&#8217;entreprise :<\/p>\n<p data-ccp-border-bottom=\"1px solid #000000\" data-ccp-padding-bottom=\"1.3333333333333333px\"><a href=\"https:\/\/estelleyarns.com\/socialresponsibility\/\"><strong>Responsabilit\u00e9 sociale de l\u2019entreprise<\/strong><\/a><br \/>\n<a href=\"https:\/\/estelleyarns.com\/socialresponsibility\/reconnaissance-des-terres-francais\/\"><strong>Reconnaissance des territoires traditionnels<\/strong><\/a><br \/>\n<a href=\"https:\/\/estelleyarns.com\/socialresponsibility\/community-action-french\/\"><strong>Action communautaire<\/strong><\/a><\/p>\n","protected":false},"excerpt":{"rendered":"<p>Pratiques de durabilit\u00e9 environnementale d\u2019Estelle\u00a0 &nbsp; Nous nous engageons \u00e0 r\u00e9duire notre empreinte environnementale par des pratiques r\u00e9fl\u00e9chies et durables; \u22c5 Nous privil\u00e9gions la r\u00e9utilisation des mat\u00e9riaux, y compris les fournitures d\u2019emballage, pour r\u00e9duire le gaspillage.\u00a0 \u22c5 Notre bourrage d\u2019emballage est biod\u00e9gradable. Il se dissout dans l\u2019eau et ne laisse aucun d\u00e9chet toxique. \u22c5&#8230;<\/p>\n","protected":false},"author":6,"featured_media":0,"parent":0,"menu_order":0,"comment_status":"closed","ping_status":"closed","template":"","meta":{"footnotes":""},"class_list":["post-15413","page","type-page","status-publish","hentry"],"jetpack_sharing_enabled":true,"_links":{"self":[{"href":"https:\/\/estelleyarns.com\/socialresponsibility\/wp-json\/wp\/v2\/pages\/15413","targetHints":{"allow":["GET"]}}],"collection":[{"href":"https:\/\/estelleyarns.com\/socialresponsibility\/wp-json\/wp\/v2\/pages"}],"about":[{"href":"https:\/\/estelleyarns.com\/socialresponsibility\/wp-json\/wp\/v2\/types\/page"}],"author":[{"embeddable":true,"href":"https:\/\/estelleyarns.com\/socialresponsibility\/wp-json\/wp\/v2\/users\/6"}],"replies":[{"embeddable":true,"href":"https:\/\/estelleyarns.com\/socialresponsibility\/wp-json\/wp\/v2\/comments?post=15413"}],"version-history":[{"count":43,"href":"https:\/\/estelleyarns.com\/socialresponsibility\/wp-json\/wp\/v2\/pages\/15413\/revisions"}],"predecessor-version":[{"id":15860,"href":"https:\/\/estelleyarns.com\/socialresponsibility\/wp-json\/wp\/v2\/pages\/15413\/revisions\/15860"}],"wp:attachment":[{"href":"https:\/\/estelleyarns.com\/socialresponsibility\/wp-json\/wp\/v2\/media?parent=15413"}],"curies":[{"name":"wp","href":"https:\/\/api.w.org\/{rel}","templated":true}]}}